{"id":781,"date":"2023-10-26T21:50:14","date_gmt":"2023-10-26T19:50:14","guid":{"rendered":"http:\/\/normandisg.cluster006.ovh.net\/?page_id=781"},"modified":"2024-09-14T22:32:10","modified_gmt":"2024-09-14T20:32:10","slug":"collecte-de-tailles-de-thuya","status":"publish","type":"page","link":"https:\/\/www.normandiearomes.fr\/index.php\/collecte-de-tailles-de-thuya\/","title":{"rendered":"Collecte de tailles de thuya dans l&rsquo;Eure et communes limitrophes"},"content":{"rendered":"<section class=\"wpb-content-wrapper\"><p>[vc_row css_animation=\u00a0\u00bb\u00a0\u00bb row_type=\u00a0\u00bbrow\u00a0\u00bb use_row_as_full_screen_section=\u00a0\u00bbno\u00a0\u00bb type=\u00a0\u00bbfull_width\u00a0\u00bb angled_section=\u00a0\u00bbno\u00a0\u00bb text_align=\u00a0\u00bbleft\u00a0\u00bb background_image_as_pattern=\u00a0\u00bbwithout_pattern\u00a0\u00bb][vc_column][\/vc_column][\/vc_row][vc_row css_animation=\u00a0\u00bb\u00a0\u00bb row_type=\u00a0\u00bbrow\u00a0\u00bb use_row_as_full_screen_section=\u00a0\u00bbno\u00a0\u00bb type=\u00a0\u00bbfull_width\u00a0\u00bb angled_section=\u00a0\u00bbno\u00a0\u00bb text_align=\u00a0\u00bbleft\u00a0\u00bb background_image_as_pattern=\u00a0\u00bbwithout_pattern\u00a0\u00bb z_index=\u00a0\u00bb\u00a0\u00bb][vc_column width=\u00a0\u00bb3\/4&Prime;][vc_column_text]<\/p>\n<h4><strong>Nous collectons gratuitement vos tailles de thuya dans l&rsquo;Eure et communes limitrophes<\/strong><\/h4>\n<p>[\/vc_column_text]<div class=\"qode-workflow  qode-workflow-animate\">\n    <span class=\"main-line\" style=\"background-color:#000000;\"><\/span>\n    <div class=\"qode-workflow-item\">\n    <span class=\"line\" style=\"\"><\/span>\n    <div class=\"qode-workflow-item-inner \">\n        <div class=\"qode-workflow-image left\">\n            <img loading=\"lazy\" decoding=\"async\" width=\"1024\" height=\"1024\" src=\"https:\/\/www.normandiearomes.fr\/wp-content\/uploads\/2023\/10\/appel_thuya.png\" class=\"attachment-full size-full\" alt=\"appel thuya\" srcset=\"https:\/\/www.normandiearomes.fr\/wp-content\/uploads\/2023\/10\/appel_thuya.png 1024w, https:\/\/www.normandiearomes.fr\/wp-content\/uploads\/2023\/10\/appel_thuya-300x300.png 300w, https:\/\/www.normandiearomes.fr\/wp-content\/uploads\/2023\/10\/appel_thuya-150x150.png 150w, https:\/\/www.normandiearomes.fr\/wp-content\/uploads\/2023\/10\/appel_thuya-768x768.png 768w, https:\/\/www.normandiearomes.fr\/wp-content\/uploads\/2023\/10\/appel_thuya-570x570.png 570w, https:\/\/www.normandiearomes.fr\/wp-content\/uploads\/2023\/10\/appel_thuya-500x500.png 500w, https:\/\/www.normandiearomes.fr\/wp-content\/uploads\/2023\/10\/appel_thuya-1000x1000.png 1000w, https:\/\/www.normandiearomes.fr\/wp-content\/uploads\/2023\/10\/appel_thuya-700x700.png 700w, https:\/\/www.normandiearomes.fr\/wp-content\/uploads\/2023\/10\/appel_thuya-650x650.png 650w\" sizes=\"auto, (max-width: 1024px) 100vw, 1024px\" \/>        <\/div>\n        <div class=\"qode-workflow-text\">\n            <span class=\"circle\" style=\"border-color:#0a0a0a;\"><\/span>\n                            <h4>Prenez rendez-vous<\/h4>\n                                        <h5 class=\"qode-workflow-subtitle\">Au 06 17 86 07 52 ou directement en bas de cette page<\/h5>\n                                        <p class=\"text\">Notre \u00e9quipe vous r\u00e9pond dans les plus brefs d\u00e9lais. On v\u00e9rifie le volume et on adapte le service.<\/p>\n                    <\/div>\n    <\/div>\n<\/div><div class=\"qode-workflow-item\">\n    <span class=\"line\" style=\"\"><\/span>\n    <div class=\"qode-workflow-item-inner reverse\">\n        <div class=\"qode-workflow-image right\">\n            <img loading=\"lazy\" decoding=\"async\" width=\"1024\" height=\"1024\" src=\"https:\/\/www.normandiearomes.fr\/wp-content\/uploads\/2023\/10\/bigbags3.png\" class=\"attachment-full size-full\" alt=\"bigbag\" srcset=\"https:\/\/www.normandiearomes.fr\/wp-content\/uploads\/2023\/10\/bigbags3.png 1024w, https:\/\/www.normandiearomes.fr\/wp-content\/uploads\/2023\/10\/bigbags3-300x300.png 300w, https:\/\/www.normandiearomes.fr\/wp-content\/uploads\/2023\/10\/bigbags3-150x150.png 150w, https:\/\/www.normandiearomes.fr\/wp-content\/uploads\/2023\/10\/bigbags3-768x768.png 768w, https:\/\/www.normandiearomes.fr\/wp-content\/uploads\/2023\/10\/bigbags3-570x570.png 570w, https:\/\/www.normandiearomes.fr\/wp-content\/uploads\/2023\/10\/bigbags3-500x500.png 500w, https:\/\/www.normandiearomes.fr\/wp-content\/uploads\/2023\/10\/bigbags3-1000x1000.png 1000w, https:\/\/www.normandiearomes.fr\/wp-content\/uploads\/2023\/10\/bigbags3-700x700.png 700w, https:\/\/www.normandiearomes.fr\/wp-content\/uploads\/2023\/10\/bigbags3-650x650.png 650w\" sizes=\"auto, (max-width: 1024px) 100vw, 1024px\" \/>        <\/div>\n        <div class=\"qode-workflow-text\">\n            <span class=\"circle\" style=\"border-color:#000000;\"><\/span>\n                            <h4>On vous d\u00e9pose les BigBags<\/h4>\n                                        <h5 class=\"qode-workflow-subtitle\">Suivant le volume que vous taillez, on peut aussi se d\u00e9placer avec notre remorque de 80m3<\/h5>\n                                        <p class=\"text\">On vous d\u00e9pose autant de BigBags que necessaire.<\/p>\n                    <\/div>\n    <\/div>\n<\/div><div class=\"qode-workflow-item\">\n    <span class=\"line\" style=\"\"><\/span>\n    <div class=\"qode-workflow-item-inner \">\n        <div class=\"qode-workflow-image left\">\n            <img loading=\"lazy\" decoding=\"async\" width=\"1024\" height=\"1024\" src=\"https:\/\/www.normandiearomes.fr\/wp-content\/uploads\/2023\/10\/bigbags1.png\" class=\"attachment-full size-full\" alt=\"bigbags\" srcset=\"https:\/\/www.normandiearomes.fr\/wp-content\/uploads\/2023\/10\/bigbags1.png 1024w, https:\/\/www.normandiearomes.fr\/wp-content\/uploads\/2023\/10\/bigbags1-300x300.png 300w, https:\/\/www.normandiearomes.fr\/wp-content\/uploads\/2023\/10\/bigbags1-150x150.png 150w, https:\/\/www.normandiearomes.fr\/wp-content\/uploads\/2023\/10\/bigbags1-768x768.png 768w, https:\/\/www.normandiearomes.fr\/wp-content\/uploads\/2023\/10\/bigbags1-570x570.png 570w, https:\/\/www.normandiearomes.fr\/wp-content\/uploads\/2023\/10\/bigbags1-500x500.png 500w, https:\/\/www.normandiearomes.fr\/wp-content\/uploads\/2023\/10\/bigbags1-1000x1000.png 1000w, https:\/\/www.normandiearomes.fr\/wp-content\/uploads\/2023\/10\/bigbags1-700x700.png 700w, https:\/\/www.normandiearomes.fr\/wp-content\/uploads\/2023\/10\/bigbags1-650x650.png 650w\" sizes=\"auto, (max-width: 1024px) 100vw, 1024px\" \/>        <\/div>\n        <div class=\"qode-workflow-text\">\n            <span class=\"circle\" style=\"border-color:#000000;\"><\/span>\n                            <h4>Remplissez les Bigbags<\/h4>\n                                        <h5 class=\"qode-workflow-subtitle\">Une fois qu&#039;ils sont pr\u00eats, vous appelez de nouveau l&#039;\u00e9quipe !<\/h5>\n                                        <p class=\"text\">On vient r\u00e9cup\u00e9rer les sacs au plus vite !<\/p>\n                    <\/div>\n    <\/div>\n<\/div><\/div>[\/vc_column][vc_column width=\u00a0\u00bb1\/4&Prime;][vc_column_text]<\/p>\n<h4><strong>APPELER DIRECTEMENT LE<\/strong><\/h4>\n<p>&nbsp;<\/p>\n<h4><strong>06 17 86 07 52<\/strong><\/h4>\n<p>[\/vc_column_text][vc_separator type=\u00a0\u00bbnormal\u00a0\u00bb up=\u00a0\u00bb20&Prime;][vc_column_text]<\/p>\n<h4><strong>Demander \u00e0 \u00eatre rappel\u00e9<\/strong><\/h4>\n<p>[\/vc_column_text]\n<div class=\"wpcf7 no-js\" id=\"wpcf7-f527-o1\" lang=\"en-US\" dir=\"ltr\" data-wpcf7-id=\"527\">\n<div class=\"screen-reader-response\"><p role=\"status\" aria-live=\"polite\" aria-atomic=\"true\"><\/p> <ul><\/ul><\/div>\n<form action=\"\/index.php\/wp-json\/wp\/v2\/pages\/781#wpcf7-f527-o1\" method=\"post\" class=\"wpcf7-form init cf7_custom_style_2\" aria-label=\"Contact form\" novalidate=\"novalidate\" data-status=\"init\">\n<fieldset class=\"hidden-fields-container\"><input type=\"hidden\" name=\"_wpcf7\" value=\"527\" \/><input type=\"hidden\" name=\"_wpcf7_version\" value=\"6.1.5\" \/><input type=\"hidden\" name=\"_wpcf7_locale\" value=\"en_US\" \/><input type=\"hidden\" name=\"_wpcf7_unit_tag\" value=\"wpcf7-f527-o1\" \/><input type=\"hidden\" name=\"_wpcf7_container_post\" value=\"0\" \/><input type=\"hidden\" name=\"_wpcf7_posted_data_hash\" value=\"\" \/>\n<\/fieldset>\n<label> Votre nom\n    <span class=\"wpcf7-form-control-wrap\" data-name=\"nom\"><input size=\"40\" maxlength=\"400\" class=\"wpcf7-form-control wpcf7-text wpcf7-validates-as-required\" id=\"nom\" aria-required=\"true\" aria-invalid=\"false\" placeholder=\"Nom et pr\u00e9nom\" value=\"\" type=\"text\" name=\"nom\" \/><\/span><\/label>\n\n<label> Votre email\n<span class=\"wpcf7-form-control-wrap\" data-name=\"email\"><input size=\"40\" maxlength=\"400\" class=\"wpcf7-form-control wpcf7-email wpcf7-validates-as-required wpcf7-text wpcf7-validates-as-email\" id=\"email\" aria-required=\"true\" aria-invalid=\"false\" placeholder=\"Email\" value=\"\" type=\"email\" name=\"email\" \/><\/span>\n<\/label>\n\n<label> Votre num\u00e9ro de t\u00e9l\u00e9phone\n    <span class=\"wpcf7-form-control-wrap\" data-name=\"phone\"><input size=\"40\" maxlength=\"400\" class=\"wpcf7-form-control wpcf7-tel wpcf7-validates-as-required wpcf7-text wpcf7-validates-as-tel\" id=\"phone\" aria-required=\"true\" aria-invalid=\"false\" placeholder=\"T\u00e9l\u00e9phone\" value=\"\" type=\"tel\" name=\"phone\" \/><\/span><\/label>\n\n<label> Votre message (non obligatoire)\n    <span class=\"wpcf7-form-control-wrap\" data-name=\"your-message\"><textarea cols=\"40\" rows=\"10\" maxlength=\"2000\" class=\"wpcf7-form-control wpcf7-textarea\" aria-invalid=\"false\" name=\"your-message\">Message<\/textarea><\/span> <\/label>\n\n<label> R\u00e9pondez \u00e0 cette question\n<span class=\"wpcf7-form-control-wrap\" data-name=\"question\"><label><span class=\"wpcf7-quiz-label\">12+48=?<\/span> <input size=\"40\" class=\"wpcf7-form-control wpcf7-quiz\" id=\"quiz\" autocomplete=\"off\" aria-required=\"true\" aria-invalid=\"false\" type=\"text\" name=\"question\" \/><\/label><input type=\"hidden\" name=\"_wpcf7_quiz_answer_question\" value=\"724ca6dd37c600a2dc464d2de242ed7e\" \/><\/span>\n<\/label>\n\n\n<input class=\"wpcf7-form-control wpcf7-submit has-spinner\" type=\"submit\" value=\"Demander \u00e0 \u00eatre rappel\u00e9\" \/><div class=\"wpcf7-response-output\" aria-hidden=\"true\"><\/div>\n<\/form>\n<\/div>\n[vc_column_text]<\/p>\n<h4><strong>Astuce pour bien faire la diff\u00e9rence entre thuya et cypr\u00e8s<\/strong><\/h4>\n<p>[\/vc_column_text][vc_single_image image=\u00a0\u00bb825&Prime; img_size=\u00a0\u00bblarge\u00a0\u00bb alignment=\u00a0\u00bbcenter\u00a0\u00bb onclick=\u00a0\u00bblink_image\u00a0\u00bb qode_css_animation=\u00a0\u00bb\u00a0\u00bb][\/vc_column][\/vc_row][vc_row css_animation=\u00a0\u00bb\u00a0\u00bb row_type=\u00a0\u00bbrow\u00a0\u00bb use_row_as_full_screen_section=\u00a0\u00bbno\u00a0\u00bb type=\u00a0\u00bbfull_width\u00a0\u00bb angled_section=\u00a0\u00bbno\u00a0\u00bb text_align=\u00a0\u00bbleft\u00a0\u00bb background_image_as_pattern=\u00a0\u00bbwithout_pattern\u00a0\u00bb][vc_column][\/vc_column][\/vc_row]<\/p>\n<\/section>","protected":false},"excerpt":{"rendered":"<p>[vc_row css_animation=\u00a0\u00bb\u00a0\u00bb row_type=\u00a0\u00bbrow\u00a0\u00bb use_row_as_full_screen_section=\u00a0\u00bbno\u00a0\u00bb type=\u00a0\u00bbfull_width\u00a0\u00bb angled_section=\u00a0\u00bbno\u00a0\u00bb text_align=\u00a0\u00bbleft\u00a0\u00bb background_image_as_pattern=\u00a0\u00bbwithout_pattern\u00a0\u00bb][vc_column][\/vc_column][\/vc_row][vc_row css_animation=\u00a0\u00bb\u00a0\u00bb row_type=\u00a0\u00bbrow\u00a0\u00bb use_row_as_full_screen_section=\u00a0\u00bbno\u00a0\u00bb type=\u00a0\u00bbfull_width\u00a0\u00bb angled_section=\u00a0\u00bbno\u00a0\u00bb text_align=\u00a0\u00bbleft\u00a0\u00bb background_image_as_pattern=\u00a0\u00bbwithout_pattern\u00a0\u00bb z_index=\u00a0\u00bb\u00a0\u00bb][vc_column width=\u00a0\u00bb3\/4&Prime;][vc_column_text] Nous collectons gratuitement vos tailles de thuya dans l&rsquo;Eure et communes limitrophes [\/vc_column_text][\/vc_column][vc_column width=\u00a0\u00bb1\/4&Prime;][vc_column_text] APPELER DIRECTEMENT LE &nbsp; 06 17 86 07 52 [\/vc_column_text][vc_separator type=\u00a0\u00bbnormal\u00a0\u00bb up=\u00a0\u00bb20&Prime;][vc_column_text] Demander \u00e0&#8230;<\/p>\n","protected":false},"author":1,"featured_media":0,"parent":0,"menu_order":0,"comment_status":"closed","ping_status":"closed","template":"","meta":{"content-type":"","footnotes":""},"class_list":["post-781","page","type-page","status-publish","hentry"],"yoast_head":"<!-- This site is optimized with the Yoast SEO plugin v27.0 - https:\/\/yoast.com\/product\/yoast-seo-wordpress\/ -->\n<title>Collecte de tailles de thuya dans l&#039;Eure et communes limitrophes - Normandie Ar\u00f4mes<\/title>\n<meta name=\"description\" content=\"Nous collectons gratuitement vos tailles de Thuya. prenez rendez-vous avec notre \u00e9quipe pour que l&#039;on vous d\u00e9pose des BigBags.\" \/>\n<meta name=\"robots\" content=\"index, follow, max-snippet:-1, max-image-preview:large, max-video-preview:-1\" \/>\n<link rel=\"canonical\" href=\"https:\/\/www.normandiearomes.fr\/index.php\/collecte-de-tailles-de-thuya\/\" \/>\n<meta property=\"og:locale\" content=\"fr_FR\" \/>\n<meta property=\"og:type\" content=\"article\" \/>\n<meta property=\"og:title\" content=\"Collecte de tailles de thuya dans l&#039;Eure et communes limitrophes - Normandie Ar\u00f4mes\" \/>\n<meta property=\"og:description\" content=\"Nous collectons gratuitement vos tailles de Thuya. prenez rendez-vous avec notre \u00e9quipe pour que l&#039;on vous d\u00e9pose des BigBags.\" \/>\n<meta property=\"og:url\" content=\"https:\/\/www.normandiearomes.fr\/index.php\/collecte-de-tailles-de-thuya\/\" \/>\n<meta property=\"og:site_name\" content=\"Normandie Ar\u00f4mes\" \/>\n<meta property=\"article:modified_time\" content=\"2024-09-14T20:32:10+00:00\" \/>\n<meta name=\"twitter:card\" content=\"summary_large_image\" \/>\n<meta name=\"twitter:label1\" content=\"Dur\u00e9e de lecture estim\u00e9e\" \/>\n\t<meta name=\"twitter:data1\" content=\"2 minutes\" \/>\n<script type=\"application\/ld+json\" class=\"yoast-schema-graph\">{\"@context\":\"https:\/\/schema.org\",\"@graph\":[{\"@type\":\"WebPage\",\"@id\":\"https:\/\/www.normandiearomes.fr\/index.php\/collecte-de-tailles-de-thuya\/\",\"url\":\"https:\/\/www.normandiearomes.fr\/index.php\/collecte-de-tailles-de-thuya\/\",\"name\":\"Collecte de tailles de thuya dans l'Eure et communes limitrophes - Normandie Ar\u00f4mes\",\"isPartOf\":{\"@id\":\"https:\/\/www.normandiearomes.fr\/#website\"},\"datePublished\":\"2023-10-26T19:50:14+00:00\",\"dateModified\":\"2024-09-14T20:32:10+00:00\",\"description\":\"Nous collectons gratuitement vos tailles de Thuya. prenez rendez-vous avec notre \u00e9quipe pour que l'on vous d\u00e9pose des BigBags.\",\"breadcrumb\":{\"@id\":\"https:\/\/www.normandiearomes.fr\/index.php\/collecte-de-tailles-de-thuya\/#breadcrumb\"},\"inLanguage\":\"fr-FR\",\"potentialAction\":[{\"@type\":\"ReadAction\",\"target\":[\"https:\/\/www.normandiearomes.fr\/index.php\/collecte-de-tailles-de-thuya\/\"]}]},{\"@type\":\"BreadcrumbList\",\"@id\":\"https:\/\/www.normandiearomes.fr\/index.php\/collecte-de-tailles-de-thuya\/#breadcrumb\",\"itemListElement\":[{\"@type\":\"ListItem\",\"position\":1,\"name\":\"Accueil\",\"item\":\"https:\/\/www.normandiearomes.fr\/\"},{\"@type\":\"ListItem\",\"position\":2,\"name\":\"Collecte de tailles de thuya dans l&rsquo;Eure et communes limitrophes\"}]},{\"@type\":\"WebSite\",\"@id\":\"https:\/\/www.normandiearomes.fr\/#website\",\"url\":\"https:\/\/www.normandiearomes.fr\/\",\"name\":\"Normandie Ar\u00f4mes - Producteur d'huiles essentielles\",\"description\":\"Producteur d&#039;huiles essentielles\",\"publisher\":{\"@id\":\"https:\/\/www.normandiearomes.fr\/#organization\"},\"potentialAction\":[{\"@type\":\"SearchAction\",\"target\":{\"@type\":\"EntryPoint\",\"urlTemplate\":\"https:\/\/www.normandiearomes.fr\/?s={search_term_string}\"},\"query-input\":{\"@type\":\"PropertyValueSpecification\",\"valueRequired\":true,\"valueName\":\"search_term_string\"}}],\"inLanguage\":\"fr-FR\"},{\"@type\":\"Organization\",\"@id\":\"https:\/\/www.normandiearomes.fr\/#organization\",\"name\":\"Normandie Ar\u00f4mes - Producteur d'huiles essentielles\",\"url\":\"https:\/\/www.normandiearomes.fr\/\",\"logo\":{\"@type\":\"ImageObject\",\"inLanguage\":\"fr-FR\",\"@id\":\"https:\/\/www.normandiearomes.fr\/#\/schema\/logo\/image\/\",\"url\":\"https:\/\/www.normandiearomes.fr\/wp-content\/uploads\/2023\/10\/NormandieAromes_Logo_Couleur.png\",\"contentUrl\":\"https:\/\/www.normandiearomes.fr\/wp-content\/uploads\/2023\/10\/NormandieAromes_Logo_Couleur.png\",\"width\":1536,\"height\":709,\"caption\":\"Normandie Ar\u00f4mes - Producteur d'huiles essentielles\"},\"image\":{\"@id\":\"https:\/\/www.normandiearomes.fr\/#\/schema\/logo\/image\/\"}}]}<\/script>\n<!-- \/ Yoast SEO plugin. -->","yoast_head_json":{"title":"Collecte de tailles de thuya dans l'Eure et communes limitrophes - Normandie Ar\u00f4mes","description":"Nous collectons gratuitement vos tailles de Thuya. prenez rendez-vous avec notre \u00e9quipe pour que l'on vous d\u00e9pose des BigBags.","robots":{"index":"index","follow":"follow","max-snippet":"max-snippet:-1","max-image-preview":"max-image-preview:large","max-video-preview":"max-video-preview:-1"},"canonical":"https:\/\/www.normandiearomes.fr\/index.php\/collecte-de-tailles-de-thuya\/","og_locale":"fr_FR","og_type":"article","og_title":"Collecte de tailles de thuya dans l'Eure et communes limitrophes - Normandie Ar\u00f4mes","og_description":"Nous collectons gratuitement vos tailles de Thuya. prenez rendez-vous avec notre \u00e9quipe pour que l'on vous d\u00e9pose des BigBags.","og_url":"https:\/\/www.normandiearomes.fr\/index.php\/collecte-de-tailles-de-thuya\/","og_site_name":"Normandie Ar\u00f4mes","article_modified_time":"2024-09-14T20:32:10+00:00","twitter_card":"summary_large_image","twitter_misc":{"Dur\u00e9e de lecture estim\u00e9e":"2 minutes"},"schema":{"@context":"https:\/\/schema.org","@graph":[{"@type":"WebPage","@id":"https:\/\/www.normandiearomes.fr\/index.php\/collecte-de-tailles-de-thuya\/","url":"https:\/\/www.normandiearomes.fr\/index.php\/collecte-de-tailles-de-thuya\/","name":"Collecte de tailles de thuya dans l'Eure et communes limitrophes - Normandie Ar\u00f4mes","isPartOf":{"@id":"https:\/\/www.normandiearomes.fr\/#website"},"datePublished":"2023-10-26T19:50:14+00:00","dateModified":"2024-09-14T20:32:10+00:00","description":"Nous collectons gratuitement vos tailles de Thuya. prenez rendez-vous avec notre \u00e9quipe pour que l'on vous d\u00e9pose des BigBags.","breadcrumb":{"@id":"https:\/\/www.normandiearomes.fr\/index.php\/collecte-de-tailles-de-thuya\/#breadcrumb"},"inLanguage":"fr-FR","potentialAction":[{"@type":"ReadAction","target":["https:\/\/www.normandiearomes.fr\/index.php\/collecte-de-tailles-de-thuya\/"]}]},{"@type":"BreadcrumbList","@id":"https:\/\/www.normandiearomes.fr\/index.php\/collecte-de-tailles-de-thuya\/#breadcrumb","itemListElement":[{"@type":"ListItem","position":1,"name":"Accueil","item":"https:\/\/www.normandiearomes.fr\/"},{"@type":"ListItem","position":2,"name":"Collecte de tailles de thuya dans l&rsquo;Eure et communes limitrophes"}]},{"@type":"WebSite","@id":"https:\/\/www.normandiearomes.fr\/#website","url":"https:\/\/www.normandiearomes.fr\/","name":"Normandie Ar\u00f4mes - Producteur d'huiles essentielles","description":"Producteur d&#039;huiles essentielles","publisher":{"@id":"https:\/\/www.normandiearomes.fr\/#organization"},"potentialAction":[{"@type":"SearchAction","target":{"@type":"EntryPoint","urlTemplate":"https:\/\/www.normandiearomes.fr\/?s={search_term_string}"},"query-input":{"@type":"PropertyValueSpecification","valueRequired":true,"valueName":"search_term_string"}}],"inLanguage":"fr-FR"},{"@type":"Organization","@id":"https:\/\/www.normandiearomes.fr\/#organization","name":"Normandie Ar\u00f4mes - Producteur d'huiles essentielles","url":"https:\/\/www.normandiearomes.fr\/","logo":{"@type":"ImageObject","inLanguage":"fr-FR","@id":"https:\/\/www.normandiearomes.fr\/#\/schema\/logo\/image\/","url":"https:\/\/www.normandiearomes.fr\/wp-content\/uploads\/2023\/10\/NormandieAromes_Logo_Couleur.png","contentUrl":"https:\/\/www.normandiearomes.fr\/wp-content\/uploads\/2023\/10\/NormandieAromes_Logo_Couleur.png","width":1536,"height":709,"caption":"Normandie Ar\u00f4mes - Producteur d'huiles essentielles"},"image":{"@id":"https:\/\/www.normandiearomes.fr\/#\/schema\/logo\/image\/"}}]}},"_links":{"self":[{"href":"https:\/\/www.normandiearomes.fr\/index.php\/wp-json\/wp\/v2\/pages\/781","targetHints":{"allow":["GET"]}}],"collection":[{"href":"https:\/\/www.normandiearomes.fr\/index.php\/wp-json\/wp\/v2\/pages"}],"about":[{"href":"https:\/\/www.normandiearomes.fr\/index.php\/wp-json\/wp\/v2\/types\/page"}],"author":[{"embeddable":true,"href":"https:\/\/www.normandiearomes.fr\/index.php\/wp-json\/wp\/v2\/users\/1"}],"replies":[{"embeddable":true,"href":"https:\/\/www.normandiearomes.fr\/index.php\/wp-json\/wp\/v2\/comments?post=781"}],"version-history":[{"count":49,"href":"https:\/\/www.normandiearomes.fr\/index.php\/wp-json\/wp\/v2\/pages\/781\/revisions"}],"predecessor-version":[{"id":1402,"href":"https:\/\/www.normandiearomes.fr\/index.php\/wp-json\/wp\/v2\/pages\/781\/revisions\/1402"}],"wp:attachment":[{"href":"https:\/\/www.normandiearomes.fr\/index.php\/wp-json\/wp\/v2\/media?parent=781"}],"curies":[{"name":"wp","href":"https:\/\/api.w.org\/{rel}","templated":true}]}}