{"id":1285,"date":"2023-10-30T23:02:56","date_gmt":"2023-10-30T22:02:56","guid":{"rendered":"https:\/\/www.normandiearomes.fr\/?page_id=1285"},"modified":"2023-10-30T23:17:40","modified_gmt":"2023-10-30T22:17:40","slug":"fenchone-en","status":"publish","type":"page","link":"https:\/\/www.normandiearomes.fr\/index.php\/en\/fenchone-en\/","title":{"rendered":"Fenchone en"},"content":{"rendered":"<section class=\"wpb-content-wrapper\"><p>[vc_row css_animation=\u00a0\u00bb\u00a0\u00bb row_type=\u00a0\u00bbrow\u00a0\u00bb use_row_as_full_screen_section=\u00a0\u00bbno\u00a0\u00bb type=\u00a0\u00bbfull_width\u00a0\u00bb angled_section=\u00a0\u00bbno\u00a0\u00bb text_align=\u00a0\u00bbleft\u00a0\u00bb background_image_as_pattern=\u00a0\u00bbwithout_pattern\u00a0\u00bb][vc_column][vc_row_inner row_type=\u00a0\u00bbrow\u00a0\u00bb type=\u00a0\u00bbfull_width\u00a0\u00bb text_align=\u00a0\u00bbleft\u00a0\u00bb css_animation=\u00a0\u00bb\u00a0\u00bb][vc_column_inner width=\u00a0\u00bb1\/4&Prime;][vc_gallery interval=\u00a0\u00bb3&Prime; images=\u00a0\u00bb659&Prime; img_size=\u00a0\u00bbmedium\u00a0\u00bb control_nav=\u00a0\u00bbyes\u00a0\u00bb pause_on_hover=\u00a0\u00bbno\u00a0\u00bb][\/vc_column_inner][vc_column_inner width=\u00a0\u00bb1\/4&Prime;][vc_column_text]<\/p>\n<h3><strong>DESCRIPTION<\/strong><\/h3>\n<p>[\/vc_column_text][vc_column_text]<\/p>\n<ul>\n<li>Natural fenchone molecule<\/li>\n<\/ul>\n<p>[\/vc_column_text][vc_separator type=\u00a0\u00bbnormal\u00a0\u00bb][vc_column_text]<\/p>\n<h3><strong>QUALITY<\/strong><\/h3>\n<p>[\/vc_column_text][vc_column_text]Conventional quality[\/vc_column_text][vc_separator type=\u00a0\u00bbnormal\u00a0\u00bb][vc_column_text]<\/p>\n<h3><strong>DOCUMENTATION<\/strong><\/h3>\n<a  itemprop=\"url\" href=\"https:\/\/www.normandiearomes.fr\/wp-content\/uploads\/2023\/10\/NORMANDIE-AROMES-FENCHONE-MSDS-1.pdf\" target=\"_blank\" data-hover-background-color='#143c2d' data-hover-border-color='#143c2d'  class=\"qbutton  small default\" style=\"\">Safety data sheet<\/a>\n<p>&nbsp;<\/p>\n<a  itemprop=\"url\" href=\"https:\/\/www.normandiearomes.fr\/wp-content\/uploads\/2023\/10\/NORMANDIE-AROMES-FENCHONE-FT-1.pdf\" target=\"_blank\" data-hover-background-color='#143c2d' data-hover-border-color='#143c2d'  class=\"qbutton  small default\" style=\"\">Technical data sheet<\/a>\n<p>&nbsp;<\/p>\n<p><a  itemprop=\"url\" href=\"https:\/\/www.normandiearomes.fr\/wp-content\/uploads\/2023\/10\/NORMANDIE-AROMES-FENCHONE-ALLERGENES-1.pdf\" target=\"_blank\" data-hover-background-color='#143c2d' data-hover-border-color='#143c2d'  class=\"qbutton  small default\" style=\"\">Allergens<\/a>[\/vc_column_text][\/vc_column_inner][vc_column_inner width=\u00a0\u00bb1\/4&Prime;][vc_separator type=\u00a0\u00bbnormal\u00a0\u00bb][\/vc_column_inner][vc_column_inner width=\u00a0\u00bb1\/4&Prime;][\/vc_column_inner][\/vc_row_inner][\/vc_column][\/vc_row][vc_row row_type=\u00a0\u00bbparallax\u00a0\u00bb parallax_content_width=\u00a0\u00bbin_grid\u00a0\u00bb text_align=\u00a0\u00bbleft\u00a0\u00bb full_screen_section_height=\u00a0\u00bbno\u00a0\u00bb][vc_column][vc_separator type=\u00a0\u00bbtransparent\u00a0\u00bb up=\u00a0\u00bb81&Prime; down=\u00a0\u00bb0&Prime;][vc_row_inner row_type=\u00a0\u00bbrow\u00a0\u00bb type=\u00a0\u00bbfull_width\u00a0\u00bb text_align=\u00a0\u00bbleft\u00a0\u00bb css_animation=\u00a0\u00bb\u00a0\u00bb][vc_column_inner width=\u00a0\u00bb1\/2&Prime;][vc_column_text]<\/p>\n<h4><span style=\"color: #143c2d;\">NORMANDIE AROMES IN PICTURES<\/span><\/h4>\n<p>[\/vc_column_text][vc_separator type=\u00a0\u00bbtransparent\u00a0\u00bb up=\u00a0\u00bb17&Prime; down=\u00a0\u00bb0&Prime;][vc_column_text]Here are a few photos and videos of our work.[\/vc_column_text][vc_separator type=\u00a0\u00bbtransparent\u00a0\u00bb up=\u00a0\u00bb39&Prime; down=\u00a0\u00bb0&Prime;]<a  itemprop=\"url\" href=\"\/index.php\/en\/media-and-press\/\" target=\"_self\" data-hover-background-color='#143c2d' data-hover-border-color='#143c2d'  class=\"qbutton  medium white default\" style=\"border-color: #143c2d; font-style: normal; \">Photos and videos<\/a>[vc_separator type=\u00a0\u00bbtransparent\u00a0\u00bb up=\u00a0\u00bb64&Prime; down=\u00a0\u00bb0&Prime;][\/vc_column_inner][vc_column_inner width=\u00a0\u00bb1\/2&Prime;][vc_column_text]<\/p>\n<h4>Professional catalog request<\/h4>\n<p>[\/vc_column_text][vc_separator type=\u00a0\u00bbtransparent\u00a0\u00bb up=\u00a0\u00bb24&Prime; down=\u00a0\u00bb0&Prime;]\n<div class=\"wpcf7 no-js\" id=\"wpcf7-f88-o1\" lang=\"en-US\" dir=\"ltr\" data-wpcf7-id=\"88\">\n<div class=\"screen-reader-response\"><p role=\"status\" aria-live=\"polite\" aria-atomic=\"true\"><\/p> <ul><\/ul><\/div>\n<form action=\"\/index.php\/wp-json\/wp\/v2\/pages\/1285#wpcf7-f88-o1\" method=\"post\" class=\"wpcf7-form init cf7_custom_style_2\" aria-label=\"Contact form\" novalidate=\"novalidate\" data-status=\"init\">\n<fieldset class=\"hidden-fields-container\"><input type=\"hidden\" name=\"_wpcf7\" value=\"88\" \/><input type=\"hidden\" name=\"_wpcf7_version\" value=\"6.1.5\" \/><input type=\"hidden\" name=\"_wpcf7_locale\" value=\"en_US\" \/><input type=\"hidden\" name=\"_wpcf7_unit_tag\" value=\"wpcf7-f88-o1\" \/><input type=\"hidden\" name=\"_wpcf7_container_post\" value=\"0\" \/><input type=\"hidden\" name=\"_wpcf7_posted_data_hash\" value=\"\" \/>\n<\/fieldset>\n<p><span class=\"wpcf7-form-control-wrap\" data-name=\"full-name\"><input size=\"40\" maxlength=\"400\" class=\"wpcf7-form-control wpcf7-text wpcf7-validates-as-required\" aria-required=\"true\" aria-invalid=\"false\" placeholder=\"Votre nom\" value=\"\" type=\"text\" name=\"full-name\" \/><\/span><\/p>\n<p><span class=\"wpcf7-form-control-wrap\" data-name=\"societe\"><input size=\"40\" maxlength=\"400\" class=\"wpcf7-form-control wpcf7-text\" id=\"societe\" aria-invalid=\"false\" placeholder=\"Soci\u00e9t\u00e9\" value=\"\" type=\"text\" name=\"societe\" \/><\/span><\/p>\n<p><span class=\"wpcf7-form-control-wrap\" data-name=\"email\"><input size=\"40\" maxlength=\"400\" class=\"wpcf7-form-control wpcf7-email wpcf7-validates-as-required wpcf7-text wpcf7-validates-as-email\" aria-required=\"true\" aria-invalid=\"false\" placeholder=\"Adresse email\" value=\"\" type=\"email\" name=\"email\" \/><\/span><\/p>\n<label> R\u00e9pondez \u00e0 cette question<\/label>\n<p><span class=\"wpcf7-form-control-wrap\" data-name=\"question\"><label><span class=\"wpcf7-quiz-label\">2+3=?<\/span> <input size=\"40\" class=\"wpcf7-form-control wpcf7-quiz\" id=\"quiz\" autocomplete=\"off\" aria-required=\"true\" aria-invalid=\"false\" type=\"text\" name=\"question\" \/><\/label><input type=\"hidden\" name=\"_wpcf7_quiz_answer_question\" value=\"67ee4cc28028bcf6c97db22418a9da45\" \/><\/span><\/p>\n\n<p><input class=\"wpcf7-form-control wpcf7-submit has-spinner\" type=\"submit\" value=\"Recevoir le catalogue\" \/><\/p><div class=\"wpcf7-response-output\" aria-hidden=\"true\"><\/div>\n<\/form>\n<\/div>\n[vc_separator type=\u00a0\u00bbtransparent\u00a0\u00bb up=\u00a0\u00bb64&Prime; down=\u00a0\u00bb0&Prime;][\/vc_column_inner][\/vc_row_inner][\/vc_column][\/vc_row]<\/p>\n<\/section>","protected":false},"excerpt":{"rendered":"<p>[vc_row css_animation=\u00a0\u00bb\u00a0\u00bb row_type=\u00a0\u00bbrow\u00a0\u00bb use_row_as_full_screen_section=\u00a0\u00bbno\u00a0\u00bb type=\u00a0\u00bbfull_width\u00a0\u00bb angled_section=\u00a0\u00bbno\u00a0\u00bb text_align=\u00a0\u00bbleft\u00a0\u00bb background_image_as_pattern=\u00a0\u00bbwithout_pattern\u00a0\u00bb][vc_column][vc_row_inner row_type=\u00a0\u00bbrow\u00a0\u00bb type=\u00a0\u00bbfull_width\u00a0\u00bb text_align=\u00a0\u00bbleft\u00a0\u00bb css_animation=\u00a0\u00bb\u00a0\u00bb][vc_column_inner width=\u00a0\u00bb1\/4&Prime;][vc_gallery interval=\u00a0\u00bb3&Prime; images=\u00a0\u00bb659&Prime; img_size=\u00a0\u00bbmedium\u00a0\u00bb control_nav=\u00a0\u00bbyes\u00a0\u00bb pause_on_hover=\u00a0\u00bbno\u00a0\u00bb][\/vc_column_inner][vc_column_inner width=\u00a0\u00bb1\/4&Prime;][vc_column_text] DESCRIPTION [\/vc_column_text][vc_column_text] Natural fenchone molecule [\/vc_column_text][vc_separator type=\u00a0\u00bbnormal\u00a0\u00bb][vc_column_text] QUALITY [\/vc_column_text][vc_column_text]Conventional quality[\/vc_column_text][vc_separator type=\u00a0\u00bbnormal\u00a0\u00bb][vc_column_text] DOCUMENTATION &nbsp; &nbsp; [\/vc_column_text][\/vc_column_inner][vc_column_inner width=\u00a0\u00bb1\/4&Prime;][vc_separator type=\u00a0\u00bbnormal\u00a0\u00bb][\/vc_column_inner][vc_column_inner width=\u00a0\u00bb1\/4&Prime;][\/vc_column_inner][\/vc_row_inner][\/vc_column][\/vc_row][vc_row row_type=\u00a0\u00bbparallax\u00a0\u00bb parallax_content_width=\u00a0\u00bbin_grid\u00a0\u00bb text_align=\u00a0\u00bbleft\u00a0\u00bb full_screen_section_height=\u00a0\u00bbno\u00a0\u00bb][vc_column][vc_separator type=\u00a0\u00bbtransparent\u00a0\u00bb up=\u00a0\u00bb81&Prime; down=\u00a0\u00bb0&Prime;][vc_row_inner row_type=\u00a0\u00bbrow\u00a0\u00bb&#8230;<\/p>\n","protected":false},"author":1,"featured_media":0,"parent":0,"menu_order":0,"comment_status":"closed","ping_status":"closed","template":"","meta":{"content-type":"","footnotes":""},"class_list":["post-1285","page","type-page","status-publish","hentry"],"yoast_head":"<!-- This site is optimized with the Yoast SEO plugin v27.0 - https:\/\/yoast.com\/product\/yoast-seo-wordpress\/ -->\n<title>Fenchone en - Normandie Ar\u00f4mes<\/title>\n<meta name=\"robots\" content=\"index, follow, max-snippet:-1, max-image-preview:large, max-video-preview:-1\" \/>\n<link rel=\"canonical\" href=\"https:\/\/www.normandiearomes.fr\/index.php\/en\/fenchone-en\/\" \/>\n<meta property=\"og:locale\" content=\"fr_FR\" \/>\n<meta property=\"og:type\" content=\"article\" \/>\n<meta property=\"og:title\" content=\"Fenchone en - Normandie Ar\u00f4mes\" \/>\n<meta property=\"og:description\" content=\"[vc_row css_animation=\u00a0\u00bb\u00a0\u00bb row_type=\u00a0\u00bbrow\u00a0\u00bb use_row_as_full_screen_section=\u00a0\u00bbno\u00a0\u00bb type=\u00a0\u00bbfull_width\u00a0\u00bb angled_section=\u00a0\u00bbno\u00a0\u00bb text_align=\u00a0\u00bbleft\u00a0\u00bb background_image_as_pattern=\u00a0\u00bbwithout_pattern\u00a0\u00bb][vc_column][vc_row_inner row_type=\u00a0\u00bbrow\u00a0\u00bb type=\u00a0\u00bbfull_width\u00a0\u00bb text_align=\u00a0\u00bbleft\u00a0\u00bb css_animation=\u00a0\u00bb\u00a0\u00bb][vc_column_inner width=\u00a0\u00bb1\/4&Prime;][vc_gallery interval=\u00a0\u00bb3&Prime; images=\u00a0\u00bb659&Prime; img_size=\u00a0\u00bbmedium\u00a0\u00bb control_nav=\u00a0\u00bbyes\u00a0\u00bb pause_on_hover=\u00a0\u00bbno\u00a0\u00bb][\/vc_column_inner][vc_column_inner width=\u00a0\u00bb1\/4&Prime;][vc_column_text] DESCRIPTION [\/vc_column_text][vc_column_text] Natural fenchone molecule [\/vc_column_text][vc_separator type=\u00a0\u00bbnormal\u00a0\u00bb][vc_column_text] QUALITY [\/vc_column_text][vc_column_text]Conventional quality[\/vc_column_text][vc_separator type=\u00a0\u00bbnormal\u00a0\u00bb][vc_column_text] DOCUMENTATION &nbsp; &nbsp; [\/vc_column_text][\/vc_column_inner][vc_column_inner width=\u00a0\u00bb1\/4&Prime;][vc_separator type=\u00a0\u00bbnormal\u00a0\u00bb][\/vc_column_inner][vc_column_inner width=\u00a0\u00bb1\/4&Prime;][\/vc_column_inner][\/vc_row_inner][\/vc_column][\/vc_row][vc_row row_type=\u00a0\u00bbparallax\u00a0\u00bb parallax_content_width=\u00a0\u00bbin_grid\u00a0\u00bb text_align=\u00a0\u00bbleft\u00a0\u00bb full_screen_section_height=\u00a0\u00bbno\u00a0\u00bb][vc_column][vc_separator type=\u00a0\u00bbtransparent\u00a0\u00bb up=\u00a0\u00bb81&Prime; down=\u00a0\u00bb0&Prime;][vc_row_inner row_type=\u00a0\u00bbrow\u00a0\u00bb...\" \/>\n<meta property=\"og:url\" content=\"https:\/\/www.normandiearomes.fr\/index.php\/en\/fenchone-en\/\" \/>\n<meta property=\"og:site_name\" content=\"Normandie Ar\u00f4mes\" \/>\n<meta property=\"article:modified_time\" content=\"2023-10-30T22:17:40+00:00\" \/>\n<meta name=\"twitter:card\" content=\"summary_large_image\" \/>\n<meta name=\"twitter:label1\" content=\"Dur\u00e9e de lecture estim\u00e9e\" \/>\n\t<meta name=\"twitter:data1\" content=\"2 minutes\" \/>\n<script type=\"application\/ld+json\" class=\"yoast-schema-graph\">{\"@context\":\"https:\/\/schema.org\",\"@graph\":[{\"@type\":\"WebPage\",\"@id\":\"https:\/\/www.normandiearomes.fr\/index.php\/en\/fenchone-en\/\",\"url\":\"https:\/\/www.normandiearomes.fr\/index.php\/en\/fenchone-en\/\",\"name\":\"Fenchone en - Normandie Ar\u00f4mes\",\"isPartOf\":{\"@id\":\"https:\/\/www.normandiearomes.fr\/#website\"},\"datePublished\":\"2023-10-30T22:02:56+00:00\",\"dateModified\":\"2023-10-30T22:17:40+00:00\",\"breadcrumb\":{\"@id\":\"https:\/\/www.normandiearomes.fr\/index.php\/en\/fenchone-en\/#breadcrumb\"},\"inLanguage\":\"fr-FR\",\"potentialAction\":[{\"@type\":\"ReadAction\",\"target\":[\"https:\/\/www.normandiearomes.fr\/index.php\/en\/fenchone-en\/\"]}]},{\"@type\":\"BreadcrumbList\",\"@id\":\"https:\/\/www.normandiearomes.fr\/index.php\/en\/fenchone-en\/#breadcrumb\",\"itemListElement\":[{\"@type\":\"ListItem\",\"position\":1,\"name\":\"Accueil\",\"item\":\"https:\/\/www.normandiearomes.fr\/\"},{\"@type\":\"ListItem\",\"position\":2,\"name\":\"Fenchone en\"}]},{\"@type\":\"WebSite\",\"@id\":\"https:\/\/www.normandiearomes.fr\/#website\",\"url\":\"https:\/\/www.normandiearomes.fr\/\",\"name\":\"Normandie Ar\u00f4mes - Producteur d'huiles essentielles\",\"description\":\"Producteur d&#039;huiles essentielles\",\"publisher\":{\"@id\":\"https:\/\/www.normandiearomes.fr\/#organization\"},\"potentialAction\":[{\"@type\":\"SearchAction\",\"target\":{\"@type\":\"EntryPoint\",\"urlTemplate\":\"https:\/\/www.normandiearomes.fr\/?s={search_term_string}\"},\"query-input\":{\"@type\":\"PropertyValueSpecification\",\"valueRequired\":true,\"valueName\":\"search_term_string\"}}],\"inLanguage\":\"fr-FR\"},{\"@type\":\"Organization\",\"@id\":\"https:\/\/www.normandiearomes.fr\/#organization\",\"name\":\"Normandie Ar\u00f4mes - Producteur d'huiles essentielles\",\"url\":\"https:\/\/www.normandiearomes.fr\/\",\"logo\":{\"@type\":\"ImageObject\",\"inLanguage\":\"fr-FR\",\"@id\":\"https:\/\/www.normandiearomes.fr\/#\/schema\/logo\/image\/\",\"url\":\"https:\/\/www.normandiearomes.fr\/wp-content\/uploads\/2023\/10\/NormandieAromes_Logo_Couleur.png\",\"contentUrl\":\"https:\/\/www.normandiearomes.fr\/wp-content\/uploads\/2023\/10\/NormandieAromes_Logo_Couleur.png\",\"width\":1536,\"height\":709,\"caption\":\"Normandie Ar\u00f4mes - Producteur d'huiles essentielles\"},\"image\":{\"@id\":\"https:\/\/www.normandiearomes.fr\/#\/schema\/logo\/image\/\"}}]}<\/script>\n<!-- \/ Yoast SEO plugin. -->","yoast_head_json":{"title":"Fenchone en - Normandie Ar\u00f4mes","robots":{"index":"index","follow":"follow","max-snippet":"max-snippet:-1","max-image-preview":"max-image-preview:large","max-video-preview":"max-video-preview:-1"},"canonical":"https:\/\/www.normandiearomes.fr\/index.php\/en\/fenchone-en\/","og_locale":"fr_FR","og_type":"article","og_title":"Fenchone en - Normandie Ar\u00f4mes","og_description":"[vc_row css_animation=\u00a0\u00bb\u00a0\u00bb row_type=\u00a0\u00bbrow\u00a0\u00bb use_row_as_full_screen_section=\u00a0\u00bbno\u00a0\u00bb type=\u00a0\u00bbfull_width\u00a0\u00bb angled_section=\u00a0\u00bbno\u00a0\u00bb text_align=\u00a0\u00bbleft\u00a0\u00bb background_image_as_pattern=\u00a0\u00bbwithout_pattern\u00a0\u00bb][vc_column][vc_row_inner row_type=\u00a0\u00bbrow\u00a0\u00bb type=\u00a0\u00bbfull_width\u00a0\u00bb text_align=\u00a0\u00bbleft\u00a0\u00bb css_animation=\u00a0\u00bb\u00a0\u00bb][vc_column_inner width=\u00a0\u00bb1\/4&Prime;][vc_gallery interval=\u00a0\u00bb3&Prime; images=\u00a0\u00bb659&Prime; img_size=\u00a0\u00bbmedium\u00a0\u00bb control_nav=\u00a0\u00bbyes\u00a0\u00bb pause_on_hover=\u00a0\u00bbno\u00a0\u00bb][\/vc_column_inner][vc_column_inner width=\u00a0\u00bb1\/4&Prime;][vc_column_text] DESCRIPTION [\/vc_column_text][vc_column_text] Natural fenchone molecule [\/vc_column_text][vc_separator type=\u00a0\u00bbnormal\u00a0\u00bb][vc_column_text] QUALITY [\/vc_column_text][vc_column_text]Conventional quality[\/vc_column_text][vc_separator type=\u00a0\u00bbnormal\u00a0\u00bb][vc_column_text] DOCUMENTATION &nbsp; &nbsp; [\/vc_column_text][\/vc_column_inner][vc_column_inner width=\u00a0\u00bb1\/4&Prime;][vc_separator type=\u00a0\u00bbnormal\u00a0\u00bb][\/vc_column_inner][vc_column_inner width=\u00a0\u00bb1\/4&Prime;][\/vc_column_inner][\/vc_row_inner][\/vc_column][\/vc_row][vc_row row_type=\u00a0\u00bbparallax\u00a0\u00bb parallax_content_width=\u00a0\u00bbin_grid\u00a0\u00bb text_align=\u00a0\u00bbleft\u00a0\u00bb full_screen_section_height=\u00a0\u00bbno\u00a0\u00bb][vc_column][vc_separator type=\u00a0\u00bbtransparent\u00a0\u00bb up=\u00a0\u00bb81&Prime; down=\u00a0\u00bb0&Prime;][vc_row_inner row_type=\u00a0\u00bbrow\u00a0\u00bb...","og_url":"https:\/\/www.normandiearomes.fr\/index.php\/en\/fenchone-en\/","og_site_name":"Normandie Ar\u00f4mes","article_modified_time":"2023-10-30T22:17:40+00:00","twitter_card":"summary_large_image","twitter_misc":{"Dur\u00e9e de lecture estim\u00e9e":"2 minutes"},"schema":{"@context":"https:\/\/schema.org","@graph":[{"@type":"WebPage","@id":"https:\/\/www.normandiearomes.fr\/index.php\/en\/fenchone-en\/","url":"https:\/\/www.normandiearomes.fr\/index.php\/en\/fenchone-en\/","name":"Fenchone en - Normandie Ar\u00f4mes","isPartOf":{"@id":"https:\/\/www.normandiearomes.fr\/#website"},"datePublished":"2023-10-30T22:02:56+00:00","dateModified":"2023-10-30T22:17:40+00:00","breadcrumb":{"@id":"https:\/\/www.normandiearomes.fr\/index.php\/en\/fenchone-en\/#breadcrumb"},"inLanguage":"fr-FR","potentialAction":[{"@type":"ReadAction","target":["https:\/\/www.normandiearomes.fr\/index.php\/en\/fenchone-en\/"]}]},{"@type":"BreadcrumbList","@id":"https:\/\/www.normandiearomes.fr\/index.php\/en\/fenchone-en\/#breadcrumb","itemListElement":[{"@type":"ListItem","position":1,"name":"Accueil","item":"https:\/\/www.normandiearomes.fr\/"},{"@type":"ListItem","position":2,"name":"Fenchone en"}]},{"@type":"WebSite","@id":"https:\/\/www.normandiearomes.fr\/#website","url":"https:\/\/www.normandiearomes.fr\/","name":"Normandie Ar\u00f4mes - Producteur d'huiles essentielles","description":"Producteur d&#039;huiles essentielles","publisher":{"@id":"https:\/\/www.normandiearomes.fr\/#organization"},"potentialAction":[{"@type":"SearchAction","target":{"@type":"EntryPoint","urlTemplate":"https:\/\/www.normandiearomes.fr\/?s={search_term_string}"},"query-input":{"@type":"PropertyValueSpecification","valueRequired":true,"valueName":"search_term_string"}}],"inLanguage":"fr-FR"},{"@type":"Organization","@id":"https:\/\/www.normandiearomes.fr\/#organization","name":"Normandie Ar\u00f4mes - Producteur d'huiles essentielles","url":"https:\/\/www.normandiearomes.fr\/","logo":{"@type":"ImageObject","inLanguage":"fr-FR","@id":"https:\/\/www.normandiearomes.fr\/#\/schema\/logo\/image\/","url":"https:\/\/www.normandiearomes.fr\/wp-content\/uploads\/2023\/10\/NormandieAromes_Logo_Couleur.png","contentUrl":"https:\/\/www.normandiearomes.fr\/wp-content\/uploads\/2023\/10\/NormandieAromes_Logo_Couleur.png","width":1536,"height":709,"caption":"Normandie Ar\u00f4mes - Producteur d'huiles essentielles"},"image":{"@id":"https:\/\/www.normandiearomes.fr\/#\/schema\/logo\/image\/"}}]}},"_links":{"self":[{"href":"https:\/\/www.normandiearomes.fr\/index.php\/wp-json\/wp\/v2\/pages\/1285","targetHints":{"allow":["GET"]}}],"collection":[{"href":"https:\/\/www.normandiearomes.fr\/index.php\/wp-json\/wp\/v2\/pages"}],"about":[{"href":"https:\/\/www.normandiearomes.fr\/index.php\/wp-json\/wp\/v2\/types\/page"}],"author":[{"embeddable":true,"href":"https:\/\/www.normandiearomes.fr\/index.php\/wp-json\/wp\/v2\/users\/1"}],"replies":[{"embeddable":true,"href":"https:\/\/www.normandiearomes.fr\/index.php\/wp-json\/wp\/v2\/comments?post=1285"}],"version-history":[{"count":4,"href":"https:\/\/www.normandiearomes.fr\/index.php\/wp-json\/wp\/v2\/pages\/1285\/revisions"}],"predecessor-version":[{"id":1297,"href":"https:\/\/www.normandiearomes.fr\/index.php\/wp-json\/wp\/v2\/pages\/1285\/revisions\/1297"}],"wp:attachment":[{"href":"https:\/\/www.normandiearomes.fr\/index.php\/wp-json\/wp\/v2\/media?parent=1285"}],"curies":[{"name":"wp","href":"https:\/\/api.w.org\/{rel}","templated":true}]}}